{"id":5632,"date":"2022-12-17T11:21:50","date_gmt":"2022-12-17T10:21:50","guid":{"rendered":"https:\/\/vivando.ch\/shop\/unkategorisiert\/nocello-likoer\/"},"modified":"2025-09-05T07:46:48","modified_gmt":"2025-09-05T06:46:48","slug":"nocello-liquore","status":"publish","type":"product","link":"https:\/\/vivando.ch\/de\/shop\/spirituosen\/likore\/nocello-liquore\/","title":{"rendered":"Nocello-Lik\u00f6r"},"content":{"rendered":"<p>Nocello ist ein zarter und duftender Walnusslik\u00f6r mit einem Alkoholgehalt von 24%.<br \/>\nIdeal pur, on the rocks oder gek\u00fchlt serviert. Hervorragend zum Korrigieren von Kaffee und Cappuccino, aber auch zur Zubereitung von Cocktails und Longdrinks.<\/p>\n<p>In den letzten Jahren hat der Nocello-Lik\u00f6r von Toschi mehrere internationale Auszeichnungen erhalten. In den letzten Jahren hat der Nocello-Lik\u00f6r von Toschi mehrere internationale Auszeichnungen erhalten. Das Jahr 2005 war f\u00fcr Nocello Toschi besonders reich an Auszeichnungen: Silbermedaille bei der International Wine and Spirits Competition in London, Silbermedaille beim Internationalen Spirituosen Wettbewerb in Deutschland und Silbermedaille bei der International Wine and Spirits Competition in San Francisco. Im Jahr 2007 wurde Nocello auf der IWSC in London mit der Silbermedaille ausgezeichnet. In den Jahren 2008 und 2010 gewann er die Silbermedaille bei der International Wine and Spirits Competition in London.<\/p>\n","protected":false},"excerpt":{"rendered":"<p>Nocello ist ein zarter und duftender Walnusslik\u00f6r mit einem Alkoholgehalt von 24%.<\/p>\n","protected":false},"featured_media":5356,"template":"","meta":[],"product_brand":[],"product_cat":[804,786],"product_tag":[924],"class_list":{"0":"post-5632","1":"product","2":"type-product","3":"status-publish","4":"has-post-thumbnail","6":"product_cat-likore","7":"product_cat-spirituosen","8":"product_tag-toschi-de","10":"first","11":"instock","12":"taxable","13":"shipping-taxable","14":"purchasable","15":"product-type-simple"},"_links":{"self":[{"href":"https:\/\/vivando.ch\/de\/wp-json\/wp\/v2\/product\/5632","targetHints":{"allow":["GET"]}}],"collection":[{"href":"https:\/\/vivando.ch\/de\/wp-json\/wp\/v2\/product"}],"about":[{"href":"https:\/\/vivando.ch\/de\/wp-json\/wp\/v2\/types\/product"}],"wp:featuredmedia":[{"embeddable":true,"href":"https:\/\/vivando.ch\/de\/wp-json\/wp\/v2\/media\/5356"}],"wp:attachment":[{"href":"https:\/\/vivando.ch\/de\/wp-json\/wp\/v2\/media?parent=5632"}],"wp:term":[{"taxonomy":"product_brand","embeddable":true,"href":"https:\/\/vivando.ch\/de\/wp-json\/wp\/v2\/product_brand?post=5632"},{"taxonomy":"product_cat","embeddable":true,"href":"https:\/\/vivando.ch\/de\/wp-json\/wp\/v2\/product_cat?post=5632"},{"taxonomy":"product_tag","embeddable":true,"href":"https:\/\/vivando.ch\/de\/wp-json\/wp\/v2\/product_tag?post=5632"}],"curies":[{"name":"wp","href":"https:\/\/api.w.org\/{rel}","templated":true}]}}