{"id":5630,"date":"2022-12-17T19:06:36","date_gmt":"2023-01-17T02:15:23","guid":{"rendered":"https:\/\/vivando.ch\/shop\/unkategorisiert\/limoncello-della-costiera\/"},"modified":"2023-01-17T03:15:23","modified_gmt":"2023-01-17T02:15:23","slug":"limoncello-della-costiera-allinfuso-di-scorze-di-limone","status":"publish","type":"product","link":"https:\/\/vivando.ch\/de\/shop\/spirituosen\/likore\/limoncello-della-costiera-allinfuso-di-scorze-di-limone\/","title":{"rendered":"Limoncello della Costiera"},"content":{"rendered":"<p>Der Limoncello della Costiera wird durch eine sorgf\u00e4ltige Auswahl von Zitronen mit einer dicken und duftenden Schale gewonnen, deren Schale, in erstklassigem Alkohol mazeriert, es erm\u00f6glicht, einen Lik\u00f6r zu erhalten, der die D\u00fcfte und Geschm\u00e4cker der warmen Mittelmeerl\u00e4nder wiedergibt. F\u00fcr den klassischen Verzehr als Digestif kalt servieren;<\/p>\n","protected":false},"excerpt":{"rendered":"<p>Limoncello della Costiera, wird durch eine sorgf\u00e4ltige Auswahl von Zitronen mit dicker und duftender Schale gewonnen<\/p>\n","protected":false},"featured_media":5340,"template":"","meta":[],"product_brand":[],"product_cat":[804,786],"product_tag":[],"class_list":{"0":"post-5630","1":"product","2":"type-product","3":"status-publish","4":"has-post-thumbnail","6":"product_cat-likore","7":"product_cat-spirituosen","8":"pa_abbinamenti-susigkeiten","9":"pa_cantina-dilmoor-de","10":"pa_colore-gelb","11":"pa_formato-bottiglia-70cl-de","12":"pa_gradazione-alcolica-25-de","13":"pa_nazione-italien","14":"pa_note-zitrone","15":"pa_regione-lombardei","16":"pa_sapore-zitrone","17":"pa_tipologia-stopp","19":"first","20":"instock","21":"taxable","22":"shipping-taxable","23":"purchasable","24":"product-type-simple"},"_links":{"self":[{"href":"https:\/\/vivando.ch\/de\/wp-json\/wp\/v2\/product\/5630","targetHints":{"allow":["GET"]}}],"collection":[{"href":"https:\/\/vivando.ch\/de\/wp-json\/wp\/v2\/product"}],"about":[{"href":"https:\/\/vivando.ch\/de\/wp-json\/wp\/v2\/types\/product"}],"wp:featuredmedia":[{"embeddable":true,"href":"https:\/\/vivando.ch\/de\/wp-json\/wp\/v2\/media\/5340"}],"wp:attachment":[{"href":"https:\/\/vivando.ch\/de\/wp-json\/wp\/v2\/media?parent=5630"}],"wp:term":[{"taxonomy":"product_brand","embeddable":true,"href":"https:\/\/vivando.ch\/de\/wp-json\/wp\/v2\/product_brand?post=5630"},{"taxonomy":"product_cat","embeddable":true,"href":"https:\/\/vivando.ch\/de\/wp-json\/wp\/v2\/product_cat?post=5630"},{"taxonomy":"product_tag","embeddable":true,"href":"https:\/\/vivando.ch\/de\/wp-json\/wp\/v2\/product_tag?post=5630"}],"curies":[{"name":"wp","href":"https:\/\/api.w.org\/{rel}","templated":true}]}}