{"id":5620,"date":"2022-11-30T14:46:28","date_gmt":"2022-11-30T13:46:28","guid":{"rendered":"https:\/\/vivando.ch\/shop\/unkategorisiert\/grappa-bocchino-sigillo-nero\/"},"modified":"2023-01-17T02:46:39","modified_gmt":"2023-01-17T01:46:39","slug":"grappa-bocchino-sigillo-nero","status":"publish","type":"product","link":"https:\/\/vivando.ch\/de\/shop\/spirituosen\/likore\/grappa-bocchino-sigillo-nero\/","title":{"rendered":"Grappa Bocchino &#8222;Sigillo Nero&#8220;"},"content":{"rendered":"<p>Ausgew\u00e4hlter roter Trester aus den Trauben Barbera d&#8217;Asti, Dolcetto d&#8217;Alba und Nebbiolo, der nach dem Verfahren der diskontinuierlichen Dampfdestillation &#8222;Carlo Bocchino&#8220; destilliert wird.<\/p>\n<p>Reifung in 5000-Liter-F\u00e4ssern aus slawonischer Eiche \u00fcber 12 Monate.<\/p>\n","protected":false},"excerpt":{"rendered":"<p>Ausgew\u00e4hlte rote Traubentrester von Barbera d&#8217;Asti, Dolcetto d&#8217;Alba und Nebbiolo. Reifung in 5000-Liter-F\u00e4ssern aus slawonischer Eiche \u00fcber 12 Monate.<\/p>\n","protected":false},"featured_media":5377,"template":"","meta":[],"product_brand":[],"product_cat":[804,786],"product_tag":[899],"class_list":{"0":"post-5620","1":"product","2":"type-product","3":"status-publish","4":"has-post-thumbnail","6":"product_cat-likore","7":"product_cat-spirituosen","8":"product_tag-bocchino-de","9":"pa_abbinamenti-patisserie","10":"pa_abbinamenti-susigkeiten","11":"pa_cantina-distilleria-bocchino-s-p-a-de","12":"pa_colore-bernstein","13":"pa_formato-bottiglia-70cl-de","14":"pa_gradazione-alcolica-40-de","15":"pa_nazione-italien","16":"pa_note-zartes","17":"pa_regione-piemont","18":"pa_sapore-duftend","19":"pa_sapore-sauber","20":"pa_sapore-trocken","21":"pa_tipologia-gestarkt","22":"pa_uvaggio-barbera-dasti-de","23":"pa_uvaggio-dolcetto-dalba-de","24":"pa_uvaggio-nebbiolo-de","26":"first","27":"instock","28":"taxable","29":"shipping-taxable","30":"purchasable","31":"product-type-simple"},"_links":{"self":[{"href":"https:\/\/vivando.ch\/de\/wp-json\/wp\/v2\/product\/5620","targetHints":{"allow":["GET"]}}],"collection":[{"href":"https:\/\/vivando.ch\/de\/wp-json\/wp\/v2\/product"}],"about":[{"href":"https:\/\/vivando.ch\/de\/wp-json\/wp\/v2\/types\/product"}],"wp:featuredmedia":[{"embeddable":true,"href":"https:\/\/vivando.ch\/de\/wp-json\/wp\/v2\/media\/5377"}],"wp:attachment":[{"href":"https:\/\/vivando.ch\/de\/wp-json\/wp\/v2\/media?parent=5620"}],"wp:term":[{"taxonomy":"product_brand","embeddable":true,"href":"https:\/\/vivando.ch\/de\/wp-json\/wp\/v2\/product_brand?post=5620"},{"taxonomy":"product_cat","embeddable":true,"href":"https:\/\/vivando.ch\/de\/wp-json\/wp\/v2\/product_cat?post=5620"},{"taxonomy":"product_tag","embeddable":true,"href":"https:\/\/vivando.ch\/de\/wp-json\/wp\/v2\/product_tag?post=5620"}],"curies":[{"name":"wp","href":"https:\/\/api.w.org\/{rel}","templated":true}]}}