{"id":5619,"date":"2022-12-01T17:09:34","date_gmt":"2023-01-17T01:37:46","guid":{"rendered":"https:\/\/vivando.ch\/shop\/unkategorisiert\/fragoli-likoer-mit-walderdbeeren\/"},"modified":"2023-01-17T02:40:57","modified_gmt":"2023-01-17T01:40:57","slug":"fragoli-liquore-con-fragoline-di-bosco","status":"publish","type":"product","link":"https:\/\/vivando.ch\/de\/shop\/spirituosen\/likore\/fragoli-liquore-con-fragoline-di-bosco\/","title":{"rendered":"Fragoli-Lik\u00f6r mit Walderdbeeren"},"content":{"rendered":"<p>Fragol\u00ec ist ein s\u00fc\u00dfer Lik\u00f6r mit ganzen Walderdbeeren und einem Alkoholgehalt von 24%.<br \/>\nMit seinem intensiven und originellen Geschmack ist Fragol\u00ec ein Lik\u00f6r, der nicht nur zum Trinken, sondern auch zum Essen geeignet ist und dank seiner gro\u00dfen Vielseitigkeit zu jeder Tageszeit genossen werden kann.<\/p>\n<p>Kalt serviert, aber nicht eisgek\u00fchlt, ist Erdbeerlik\u00f6r ein durstl\u00f6schender Klassiker nach dem Essen. Bei Zimmertemperatur hingegen eignet er sich hervorragend zum Anreichern von Eis oder Obstsalat. In Verbindung mit Prosecco oder Sekt wird der Fragol\u00ec auch zum Aperitif: Das Publikum sch\u00e4tzt ihn f\u00fcr seine Vielseitigkeit.<\/p>\n<p>Der Lik\u00f6r Fragol\u00ec mit k\u00f6stlichen ganzen Walderdbeeren hat zahlreiche Wettbewerbe gewonnen: 2004 die Goldmedaille beim Internationalen Wein- und Spirituosenwettbewerb in Estland und Gro\u00dfes Gold beim Internationalen Spirituosenwettbewerb in Deutschland. Nel 2005 Silbermedaille Best in Class all&#8217;International Wine and Spirits Competition di Londra. Im Jahr 2008 gewann Fragol\u00ec die Silbermedaille bei der Prodexpo in Moskau, die Bronzemedaille bei der International Wine and Spirits Competition in London und die Goldmedaille bei The Liqueurs Master. Im Jahr 2009 gewann er die Goldmedaille als Klassenbester beim Internationalen Wein- und Spirituosenwettbewerb in London und im Jahr 2010 die Bronzemedaille beim Internationalen Wein- und Spirituosenwettbewerb in London, ebenso wie im Jahr 2011.<\/p>\n","protected":false},"excerpt":{"rendered":"<p>Fragol\u00ec ist ein s\u00fc\u00dfer Lik\u00f6r mit ganzen Walderdbeeren und einem Alkoholgehalt von 24%.<\/p>\n","protected":false},"featured_media":5353,"template":"","meta":[],"product_brand":[],"product_cat":[804,786],"product_tag":[],"class_list":{"0":"post-5619","1":"product","2":"type-product","3":"status-publish","4":"has-post-thumbnail","6":"product_cat-likore","7":"product_cat-spirituosen","8":"pa_abbinamenti-aperitifs","9":"pa_abbinamenti-susigkeiten","10":"pa_cantina-toschi-de","11":"pa_colore-rose","12":"pa_formato-bottiglia-70cl-de","13":"pa_gradazione-alcolica-24-de","14":"pa_nazione-italien","15":"pa_note-walderdbeeren","16":"pa_regione-piemont","17":"pa_sapore-frisch","18":"pa_sapore-sus","19":"pa_sapore-walderdbeeren","20":"pa_tipologia-schaumwein","22":"first","23":"instock","24":"taxable","25":"shipping-taxable","26":"purchasable","27":"product-type-simple"},"_links":{"self":[{"href":"https:\/\/vivando.ch\/de\/wp-json\/wp\/v2\/product\/5619","targetHints":{"allow":["GET"]}}],"collection":[{"href":"https:\/\/vivando.ch\/de\/wp-json\/wp\/v2\/product"}],"about":[{"href":"https:\/\/vivando.ch\/de\/wp-json\/wp\/v2\/types\/product"}],"wp:featuredmedia":[{"embeddable":true,"href":"https:\/\/vivando.ch\/de\/wp-json\/wp\/v2\/media\/5353"}],"wp:attachment":[{"href":"https:\/\/vivando.ch\/de\/wp-json\/wp\/v2\/media?parent=5619"}],"wp:term":[{"taxonomy":"product_brand","embeddable":true,"href":"https:\/\/vivando.ch\/de\/wp-json\/wp\/v2\/product_brand?post=5619"},{"taxonomy":"product_cat","embeddable":true,"href":"https:\/\/vivando.ch\/de\/wp-json\/wp\/v2\/product_cat?post=5619"},{"taxonomy":"product_tag","embeddable":true,"href":"https:\/\/vivando.ch\/de\/wp-json\/wp\/v2\/product_tag?post=5619"}],"curies":[{"name":"wp","href":"https:\/\/api.w.org\/{rel}","templated":true}]}}