{"id":5618,"date":"2022-12-17T19:36:22","date_gmt":"2023-01-17T01:33:51","guid":{"rendered":"https:\/\/vivando.ch\/shop\/unkategorisiert\/aperitivo-spritz-more\/"},"modified":"2023-01-17T02:33:51","modified_gmt":"2023-01-17T01:33:51","slug":"aperitivo-spritz-more","status":"publish","type":"product","link":"https:\/\/vivando.ch\/de\/shop\/spirituosen\/likore\/aperitivo-spritz-more\/","title":{"rendered":"Aperitivo Spritz &amp; More"},"content":{"rendered":"<p>Der Aperitif Dilmoor hat ein exklusives Rezept, das mit Kr\u00e4utern und Zitrusfr\u00fcchten angereichert ist. Er ist die perfekte Basis f\u00fcr die klassische Schorle und zahlreiche andere Cocktails. Ideal f\u00fcr Aperitifs und Aperitifs.<\/p>\n","protected":false},"excerpt":{"rendered":"<p>Exklusives Rezept, mit Kr\u00e4utern und Zitrusfr\u00fcchten versetzt. Die perfekte Basis f\u00fcr die klassische Schorle und zahlreiche andere Cocktails.<\/p>\n","protected":false},"featured_media":5338,"template":"","meta":[],"product_brand":[],"product_cat":[804,786],"product_tag":[],"class_list":{"0":"post-5618","1":"product","2":"type-product","3":"status-publish","4":"has-post-thumbnail","6":"product_cat-likore","7":"product_cat-spirituosen","8":"pa_abbinamenti-aperitifs","9":"pa_abbinamenti-meeresfruchte-vorspeisen","10":"pa_cantina-dilmoor-de","11":"pa_colore-rot","12":"pa_formato-bottiglia-100-de","13":"pa_gradazione-alcolica-11-de","14":"pa_nazione-italien","15":"pa_note-blumen","16":"pa_note-krautige","17":"pa_note-pikant","18":"pa_note-zitrusfruchte","19":"pa_regione-lombardei","20":"pa_sapore-frisch","21":"pa_sapore-frisches-obst","22":"pa_tipologia-prickelnd","24":"first","25":"instock","26":"taxable","27":"shipping-taxable","28":"purchasable","29":"product-type-simple"},"_links":{"self":[{"href":"https:\/\/vivando.ch\/de\/wp-json\/wp\/v2\/product\/5618","targetHints":{"allow":["GET"]}}],"collection":[{"href":"https:\/\/vivando.ch\/de\/wp-json\/wp\/v2\/product"}],"about":[{"href":"https:\/\/vivando.ch\/de\/wp-json\/wp\/v2\/types\/product"}],"wp:featuredmedia":[{"embeddable":true,"href":"https:\/\/vivando.ch\/de\/wp-json\/wp\/v2\/media\/5338"}],"wp:attachment":[{"href":"https:\/\/vivando.ch\/de\/wp-json\/wp\/v2\/media?parent=5618"}],"wp:term":[{"taxonomy":"product_brand","embeddable":true,"href":"https:\/\/vivando.ch\/de\/wp-json\/wp\/v2\/product_brand?post=5618"},{"taxonomy":"product_cat","embeddable":true,"href":"https:\/\/vivando.ch\/de\/wp-json\/wp\/v2\/product_cat?post=5618"},{"taxonomy":"product_tag","embeddable":true,"href":"https:\/\/vivando.ch\/de\/wp-json\/wp\/v2\/product_tag?post=5618"}],"curies":[{"name":"wp","href":"https:\/\/api.w.org\/{rel}","templated":true}]}}