{"id":5615,"date":"2022-06-03T15:13:28","date_gmt":"2023-01-14T14:45:46","guid":{"rendered":"https:\/\/vivando.ch\/shop\/unkategorisiert\/aglianico-campania-i-g-t\/"},"modified":"2023-01-14T15:45:46","modified_gmt":"2023-01-14T14:45:46","slug":"aglianico-campania-i-g-t","status":"publish","type":"product","link":"https:\/\/vivando.ch\/de\/shop\/spirituosen\/weine\/rot\/aglianico-campania-i-g-t\/","title":{"rendered":"Aglianico Campania I.G.T."},"content":{"rendered":"<p>Der Aglianico von Terredora stammt von den ber\u00fchmten, tausendj\u00e4hrigen autochthonen Rebsorten Kampaniens. Er wird ausschlie\u00dflich aus Aglianico-Trauben hergestellt, die alle von Hand geerntet und ausgew\u00e4hlt werden. Die G\u00e4rung erfolgt bei kontrollierter Temperatur, danach reift der Wein teils in Holzf\u00e4ssern und teils in Edelstahltanks, bevor er in Flaschen abgef\u00fcllt wird.<br \/>\nVon leuchtender rubinroter Farbe, mit ausgepr\u00e4gten Fruchtaromen von Kirsche, Schwarzkirsche und Veilchen, mit w\u00fcrzigen Aromen von Zimt und Vanille. Von mittlerer Struktur, hat er einen ausgewogenen Nachgeschmack mit angenehmen Noten von Schwarzkirsche. Ein Wein f\u00fcr die ganze Mahlzeit, der zu Aufschnitt, mediterranen Gerichten wie Suppen und wichtigen Nudelgerichten, wei\u00dfem Fleisch und leichten Hauptgerichten passt.<\/p>\n","protected":false},"excerpt":{"rendered":"<p>Ausgesprochen fruchtige Aromen von Kirsche, Schwarzkirsche und Veilchen, mit w\u00fcrzigen Aromen von Zimt und Vanille. Eine vielseitige Mahlzeit f\u00fcr die mediterrane K\u00fcche.<\/p>\n","protected":false},"featured_media":3504,"template":"","meta":[],"product_brand":[],"product_cat":[810,786,805],"product_tag":[852],"class_list":{"0":"post-5615","1":"product","2":"type-product","3":"status-publish","4":"has-post-thumbnail","6":"product_cat-rot","7":"product_cat-spirituosen","8":"product_cat-weine","9":"product_tag-terredora-di-paolo-de","10":"pa_abbinamenti-fisch","11":"pa_abbinamenti-pasta-de","12":"pa_abbinamenti-salumi-de","13":"pa_abbinamenti-suppen","14":"pa_abbinamenti-weises-fleisch","15":"pa_annata-2019-de","16":"pa_cantina-terredora-di-paolo-de","17":"pa_colore-rot","18":"pa_denominazione-igt-de","19":"pa_formato-bottiglia-standard-de","20":"pa_gradazione-alcolica-13-de","21":"pa_nazione-italien","22":"pa_note-amarena-de","23":"pa_note-kirsche","24":"pa_note-vanille","25":"pa_note-viola-de","26":"pa_note-zimt","27":"pa_regione-kampanien","28":"pa_sapore-amarena-de","29":"pa_sapore-ausgewogene","30":"pa_tipologia-stopp","31":"pa_uvaggio-aglianico-de","33":"first","34":"instock","35":"taxable","36":"shipping-taxable","37":"purchasable","38":"product-type-simple"},"_links":{"self":[{"href":"https:\/\/vivando.ch\/de\/wp-json\/wp\/v2\/product\/5615","targetHints":{"allow":["GET"]}}],"collection":[{"href":"https:\/\/vivando.ch\/de\/wp-json\/wp\/v2\/product"}],"about":[{"href":"https:\/\/vivando.ch\/de\/wp-json\/wp\/v2\/types\/product"}],"wp:featuredmedia":[{"embeddable":true,"href":"https:\/\/vivando.ch\/de\/wp-json\/wp\/v2\/media\/3504"}],"wp:attachment":[{"href":"https:\/\/vivando.ch\/de\/wp-json\/wp\/v2\/media?parent=5615"}],"wp:term":[{"taxonomy":"product_brand","embeddable":true,"href":"https:\/\/vivando.ch\/de\/wp-json\/wp\/v2\/product_brand?post=5615"},{"taxonomy":"product_cat","embeddable":true,"href":"https:\/\/vivando.ch\/de\/wp-json\/wp\/v2\/product_cat?post=5615"},{"taxonomy":"product_tag","embeddable":true,"href":"https:\/\/vivando.ch\/de\/wp-json\/wp\/v2\/product_tag?post=5615"}],"curies":[{"name":"wp","href":"https:\/\/api.w.org\/{rel}","templated":true}]}}