{"id":5943,"date":"2023-02-08T14:57:24","date_gmt":"2023-02-08T13:57:24","guid":{"rendered":"https:\/\/vivando.ch\/erstattungs-und-rueckgabebestimmungen\/"},"modified":"2023-02-08T14:57:28","modified_gmt":"2023-02-08T13:57:28","slug":"erstattungs-und-rueckgabebestimmungen","status":"publish","type":"page","link":"https:\/\/vivando.ch\/de\/erstattungs-und-rueckgabebestimmungen\/","title":{"rendered":"Erstattungs- und R\u00fcckgabebestimmungen"},"content":{"rendered":"\t\t<div data-elementor-type=\"wp-page\" data-elementor-id=\"5943\" class=\"elementor elementor-5943 elementor-15\" data-elementor-post-type=\"page\">\n\t\t\t\t\t\t<section class=\"elementor-section elementor-top-section elementor-element elementor-element-3e9d87f elementor-section-boxed elementor-section-height-default elementor-section-height-default\" data-id=\"3e9d87f\" data-element_type=\"section\" data-e-type=\"section\">\n\t\t\t\t\t\t<div class=\"elementor-container elementor-column-gap-default\">\n\t\t\t\t\t<div class=\"elementor-column elementor-col-100 elementor-top-column elementor-element elementor-element-16e7d8aa\" data-id=\"16e7d8aa\" data-element_type=\"column\" data-e-type=\"column\">\n\t\t\t<div class=\"elementor-widget-wrap elementor-element-populated\">\n\t\t\t\t\t\t<div class=\"elementor-element elementor-element-5a9b046c elementor-widget elementor-widget-text-editor\" data-id=\"5a9b046c\" data-element_type=\"widget\" data-e-type=\"widget\" data-widget_type=\"text-editor.default\">\n\t\t\t\t<div class=\"elementor-widget-container\">\n\t\t\t\t\t\t\t\t\t<header class=\"page-header\">\n<h1>NUTZUNGSBESTIMMUNGEN UND -BEDINGUNGEN<\/h1>\n<\/header>\n<section id=\"content\" class=\"page-content page-cms page-cms-3\">\n<div class=\"container\">\n<div class=\"row\">\n<div class=\"col-sm-12\">\n<h2>VERSANDKOSTEN<\/h2>\n<\/div>\n<div class=\"col-sm-4\">\n<h3>In der ganzen Schweiz <\/h3>\n<p><strong>Bis zu CHF 150 =<\/strong> CHF 15;<\/p>\n<p><strong>\u00dcber 150 CHF Ausgaben =<\/strong> kostenlos<\/p>\n<\/div>\n<div class=\"col-sm-12\">\n<h2>ALLGEMEINE GESCH\u00c4FTSBEDINGUNGEN<\/h2>\n<\/div>\n<div class=\"col-sm-10 col-sm-offset-1\">\n<h3>1. ALLGEMEINES<\/h3>\n<p>Unser Ziel ist es, Ihre Bed\u00fcrfnisse zu Ihrer vollen Zufriedenheit zu erf\u00fcllen. Die Gesch\u00e4ftsbedingungen basieren auf ehrlichen Beziehungen mit dem Kunden. Wenn Sie eine Bestellung aufgeben, erkl\u00e4ren Sie sich mit den allgemeinen Gesch\u00e4ftsbedingungen einverstanden.<\/p>\n<h3>2. ANWENDUNGSBEREICH<\/h3>\n<p>Das gesamte Angebot von www.vivando.ch ist ausschliesslich f\u00fcr Kunden in der Schweiz und im F\u00fcrstentum Liechtenstein bestimmt. Sendungen ins Ausland sind nicht m\u00f6glich.<\/p>\n<h3>3. PRIVACY<\/h3>\n<p>Pers\u00f6nliche Kundendaten werden entsprechend den datenschutzrechtlichen Bestimmungen vertraulich behandelt und nicht an Dritte weitergegeben oder f\u00fcr Fremdwerbung genutzt. Alle pers\u00f6nlichen Daten (einschlie\u00dflich der Daten zur Zahlung per Kreditkarte) werden verschl\u00fcsselt.<\/p>\n<p>Kunden von <strong>www.vivando.ch<\/strong> k\u00f6nnen per Newsletter aktuelle Informationen \u00fcber neue Produkte und Aktionen erhalten. Dieser Service ist unverbindlich, kostenlos und kann jederzeit widerrufen werden.<\/p>\n<h3>4. KEIN VERKAUF AN MINDERJ\u00c4HRIGE<\/h3>\n<p>Die Vivando Weine GMBH verkauft keine Weine oder Spirituosen an Personen unter 18 Jahren. Mit einer Bestellung auf www.vivando.ch best\u00e4tigt der Kunde, dass er\/sie vollj\u00e4hrig ist.<\/p>\n<h3>5. PREISE<\/h3>\n<p>Alle Preise verstehen sich in Schweizer Franken inklusive Mehrwertsteuer. Preis\u00e4nderungen und eingeschr\u00e4nkte Verf\u00fcgbarkeit einiger Produkte sind jederzeit m\u00f6glich und bed\u00fcrfen keiner vorherigen Ank\u00fcndigung.<\/p>\n<h3>6. ZAHLUNG UND LIEFERUNG<\/h3>\n<p>Auf <strong>vivando.ch<\/strong> stehen mehrere Zahlungsm\u00f6glichkeiten zur Verf\u00fcgung. Wir liefern erst nach erfolgter Zahlung. <\/p>\n<p>Die Lieferung erfolgt an die Adresse des Karteninhabers oder an eine gew\u00e4hlte Lieferadresse in der Schweiz oder im F\u00fcrstentum Liechtenstein. F\u00fcr Lieferungen an mehrere Empf\u00e4nger sind mehrere Einzelbestellungen erforderlich.<\/p>\n<h3>7. VERSANDKOSTEN<\/h3>\n<p>Bei einem Bestellwert von weniger als CHF 150.00 wird eine Transportgeb\u00fchr je nach Region f\u00fcr die Versandkosten erhoben. Ab CHF 150.00 ist die Lieferung kostenlos. <\/p>\n<h3>8. VERF\u00dcGBARKEIT<\/h3>\n<p>Unsere Produktpalette entwickelt sich st\u00e4ndig weiter, wir garantieren keine ununterbrochene Verf\u00fcgbarkeit der auf www.vivando.ch gezeigten Angebote. Sollte ein bestimmter Wein nicht oder nur in begrenzten Mengen verf\u00fcgbar sein, werden Sie umgehend benachrichtigt.<\/p>\n<h3>9. UMWANDLUNG\/TILGUNG <\/h3>\n<p>Ihre Bestellung ist f\u00fcr www.vivando.ch verbindlich. Grunds\u00e4tzlich k\u00f6nnen die bestellten Weine nicht umgetauscht oder zur\u00fcckgegeben werden. Eine Ausnahme gilt f\u00fcr Sendungen, die w\u00e4hrend des Transports und\/oder der Lieferung besch\u00e4digt wurden. Wir bitten Sie, die Richtigkeit und Unversehrtheit der Lieferung zu \u00fcberpr\u00fcfen und eventuelle Reklamationen unter Beif\u00fcgung spezifischer Unterlagen so schnell wie m\u00f6glich direkt an uns weiterzuleiten.<\/p>\n<p>Nach 3 Tagen ab Erhalt der Lieferung betrachten wir alles als genehmigt und korrekt. <\/p>\n<p>Weine mit einem Korkenfehler werden nur dann erstattet, wenn der Fehler festgestellt werden kann und die zur\u00fcckgegebene Flasche mindestens zu 2\/3 gef\u00fcllt und mit dem Originalkorken versehen ist.<\/p>\n<p>Dies schlie\u00dft Weine aus, die das empfohlene Genussalter \u00fcberschritten haben.<\/p>\n<h3>10. JURISDICTION<\/h3>\n<p>Unsere Aktivit\u00e4ten basieren ausschlie\u00dflich auf Schweizer Recht. Die Zust\u00e4ndigkeit liegt bei Sins.<\/p>\n<\/div>\n<\/div>\n<\/div>\n<\/section>\n\t\t\t\t\t\t\t\t<\/div>\n\t\t\t\t<\/div>\n\t\t\t\t\t<\/div>\n\t\t<\/div>\n\t\t\t\t\t<\/div>\n\t\t<\/section>\n\t\t\t\t<\/div>\n\t\t","protected":false},"excerpt":{"rendered":"<p>NUTZUNGSBESTIMMUNGEN UND -BEDINGUNGEN VERSANDKOSTEN In der ganzen Schweiz Bis zu CHF 150 = CHF 15; \u00dcber 150 CHF Ausgaben = kostenlos ALLGEMEINE GESCH\u00c4FTSBEDINGUNGEN 1. ALLGEMEINES Unser Ziel ist es, Ihre Bed\u00fcrfnisse zu Ihrer vollen Zufriedenheit zu erf\u00fcllen. Die Gesch\u00e4ftsbedingungen basieren auf ehrlichen Beziehungen mit dem Kunden. Wenn Sie eine Bestellung aufgeben, erkl\u00e4ren Sie sich mit [&hellip;]<\/p>\n","protected":false},"author":1,"featured_media":0,"parent":0,"menu_order":0,"comment_status":"closed","ping_status":"closed","template":"","meta":{"footnotes":""},"class_list":["post-5943","page","type-page","status-publish","hentry"],"_links":{"self":[{"href":"https:\/\/vivando.ch\/de\/wp-json\/wp\/v2\/pages\/5943","targetHints":{"allow":["GET"]}}],"collection":[{"href":"https:\/\/vivando.ch\/de\/wp-json\/wp\/v2\/pages"}],"about":[{"href":"https:\/\/vivando.ch\/de\/wp-json\/wp\/v2\/types\/page"}],"author":[{"embeddable":true,"href":"https:\/\/vivando.ch\/de\/wp-json\/wp\/v2\/users\/1"}],"replies":[{"embeddable":true,"href":"https:\/\/vivando.ch\/de\/wp-json\/wp\/v2\/comments?post=5943"}],"version-history":[{"count":1,"href":"https:\/\/vivando.ch\/de\/wp-json\/wp\/v2\/pages\/5943\/revisions"}],"predecessor-version":[{"id":5944,"href":"https:\/\/vivando.ch\/de\/wp-json\/wp\/v2\/pages\/5943\/revisions\/5944"}],"wp:attachment":[{"href":"https:\/\/vivando.ch\/de\/wp-json\/wp\/v2\/media?parent=5943"}],"curies":[{"name":"wp","href":"https:\/\/api.w.org\/{rel}","templated":true}]}}