{"id":5941,"date":"2023-02-08T14:47:44","date_gmt":"2023-02-08T13:47:44","guid":{"rendered":"https:\/\/vivando.ch\/datenschutzbestimmungen\/"},"modified":"2023-02-08T14:47:46","modified_gmt":"2023-02-08T13:47:46","slug":"datenschutzbestimmungen","status":"publish","type":"page","link":"https:\/\/vivando.ch\/de\/datenschutzbestimmungen\/","title":{"rendered":"Datenschutzbestimmungen"},"content":{"rendered":"\t\t<div data-elementor-type=\"wp-page\" data-elementor-id=\"5941\" class=\"elementor elementor-5941 elementor-3\" data-elementor-post-type=\"page\">\n\t\t\t\t\t\t<section class=\"elementor-section elementor-top-section elementor-element elementor-element-8fd785 elementor-section-boxed elementor-section-height-default elementor-section-height-default\" data-id=\"8fd785\" data-element_type=\"section\" data-e-type=\"section\">\n\t\t\t\t\t\t<div class=\"elementor-container elementor-column-gap-default\">\n\t\t\t\t\t<div class=\"elementor-column elementor-col-50 elementor-top-column elementor-element elementor-element-382f59fa\" data-id=\"382f59fa\" data-element_type=\"column\" data-e-type=\"column\">\n\t\t\t<div class=\"elementor-widget-wrap elementor-element-populated\">\n\t\t\t\t\t\t<div class=\"elementor-element elementor-element-6b956d5a elementor-widget elementor-widget-text-editor\" data-id=\"6b956d5a\" data-element_type=\"widget\" data-e-type=\"widget\" data-widget_type=\"text-editor.default\">\n\t\t\t\t<div class=\"elementor-widget-container\">\n\t\t\t\t\t\t\t\t\t<h2>Datenschutzbestimmungen<\/h2>\n<p>Auf unserer Seite zum Datenschutz wird erl\u00e4utert, wie wir Informationen \u00fcber Sie sammeln, verwenden und weitergeben, wenn Sie unsere Website www.vivando.ch besuchen und unsere Online-Dienste nutzen.<\/p>\n<p>Durch den Besuch unserer Website und die Nutzung unserer Online-Dienste erkl\u00e4ren Sie sich mit der Erfassung, Verwendung und Weitergabe Ihrer Daten gem\u00e4\u00df dieser Datenschutzrichtlinie einverstanden. Wenn Sie mit unseren Richtlinien und Praktiken nicht einverstanden sind, sollten Sie unsere Website oder Online-Dienste nicht nutzen.<\/p>\n<p><b>Gesammelte Informationen<\/b><br \/>Wir sammeln Informationen \u00fcber Sie auf folgende Weise:<\/p>\n<ul>\n<li>Von Ihnen direkt zur Verf\u00fcgung gestellte Informationen: Wir erfassen Informationen, die Sie uns direkt zur Verf\u00fcgung stellen, z. B. wenn Sie ein Konto erstellen, eine Bestellung aufgeben oder uns mit einer Frage oder einem Anliegen kontaktieren. Diese Informationen k\u00f6nnen Name, E-Mail-Adresse, Postanschrift, Telefonnummer und Zahlungsinformationen umfassen.<\/li>\n<li>Automatisch erfasste Informationen: Wir erfassen automatisch bestimmte Informationen \u00fcber Sie und Ihr Ger\u00e4t, wenn Sie unsere Website besuchen oder unsere Online-Dienste nutzen. Diese Informationen k\u00f6nnen Ihre IP-Adresse, den Ger\u00e4tetyp, den Browsertyp, das Betriebssystem und Daten \u00fcber Ihr Surfverhalten auf unserer Website umfassen.<\/li>\n<li>Informationen von Dritten: Wir k\u00f6nnen auch Informationen \u00fcber Sie von Dritten erhalten, z. B. von anderen Unternehmen, die f\u00fcr uns Dienstleistungen erbringen oder mit uns verbunden sind. Diese Informationen k\u00f6nnen Ihren Namen, Ihre E-Mail-Adresse, Ihre Postanschrift und andere Informationen umfassen, die f\u00fcr die Erbringung unserer Dienstleistungen f\u00fcr Sie relevant sind.<\/li>\n<\/ul>\n<p><b><br \/>Wie wir Ihre Informationen verwenden<\/b><br \/>Wir verwenden die Informationen, die wir \u00fcber Sie sammeln, f\u00fcr die folgenden Zwecke:<\/p>\n<ul>\n<li>Um Ihnen unsere Online-Dienste zur Verf\u00fcgung zu stellen: Wir verwenden die erfassten Informationen, um Ihnen unsere Online-Dienste zur Verf\u00fcgung zu stellen, z. B. um Ihre Bestellungen zu bearbeiten und Ihre Fragen zu beantworten.<\/li>\n<li>Verbesserung unserer Website und unserer Online-Dienste: Wir verwenden die gesammelten Informationen, um unsere Website und unsere Online-Dienste zu verbessern, z. B. durch die Ermittlung und L\u00f6sung technischer Probleme oder das Hinzuf\u00fcgen neuer Merkmale und Funktionen.<\/li>\n<li>Um mit Ihnen zu kommunizieren: Wir k\u00f6nnen Ihre Daten verwenden, um mit Ihnen zu kommunizieren, z. B. um Ihnen Aktualisierungen zu Ihrem Konto zu senden oder Sie \u00fcber neue Produkte und Sonderangebote zu informieren, die f\u00fcr Sie von Interesse sein k\u00f6nnten.<\/li>\n<li>Aus rechtlichen Gr\u00fcnden: Wir k\u00f6nnen Ihre Daten verwenden, wenn dies aus rechtlichen Gr\u00fcnden erforderlich ist, z. B. zur Einhaltung gesetzlicher Vorschriften, zur Durchsetzung unserer Richtlinien oder zum Schutz der Rechte, des Eigentums oder der Sicherheit unserer Kunden, Mitarbeiter oder anderer Personen.<\/li>\n<\/ul>\n<p><b><br \/>Wie wir Ihre Informationen weitergeben<\/b><br \/>Unter den folgenden Umst\u00e4nden k\u00f6nnen wir Ihre Daten an Dritte weitergeben:<\/p>\n<ul>\n<li>Mit Dienstleistern: Wir k\u00f6nnen Ihre Daten an Drittanbieter weitergeben, die in unserem Auftrag Dienstleistungen erbringen, z. B. Zahlungsabwicklung, Website-Hosting, Datenanalyse oder Kundendienst. Diese Dienstleister sind verpflichtet, die Informationen der Nutzer zu sch\u00fctzen und sie nur f\u00fcr die Zwecke zu verwenden, f\u00fcr die sie bereitgestellt wurden.<\/li>\n<li>Mit verbundenen Unternehmen: Wir k\u00f6nnen Ihre Informationen an verbundene Unternehmen weitergeben, die zur selben Unternehmensfamilie geh\u00f6ren wie die Vivando Weine GmbH. Diese Unternehmen k\u00f6nnen Ihre Informationen f\u00fcr die gleichen Zwecke wie die Vivando Weine GmbH verwenden, wie in dieser Datenschutzerkl\u00e4rung beschrieben.<\/li>\n<li>Aus rechtlichen Gr\u00fcnden: Wir k\u00f6nnen Ihre Daten offenlegen, wenn dies aus rechtlichen Gr\u00fcnden erforderlich ist, z. B. zur Erf\u00fcllung gesetzlicher Anforderungen, zur Durchsetzung unserer Richtlinien oder zum Schutz der Rechte, des Eigentums oder der Sicherheit unserer Kunden, Mitarbeiter oder anderer Personen.<\/li>\n<\/ul>\n<p><b>Wahlm\u00f6glichkeiten und Rechte der Nutzer<\/b><br \/>Die Nutzer haben die folgenden Wahlm\u00f6glichkeiten und Rechte in Bezug auf ihre Informationen:<\/p>\n<ul>\n<li>Zugang und Korrektur: Sie k\u00f6nnen auf Ihre Kontoinformationen zugreifen und diese aktualisieren, indem Sie sich auf unserer Website in Ihr Konto einloggen. Sie haben au\u00dferdem das Recht, Zugang zu den von uns \u00fcber Sie gesammelten personenbezogenen Daten zu erhalten und die Berichtigung falscher oder unvollst\u00e4ndiger Daten zu verlangen.<\/li>\n<li>Abmeldung von Mitteilungen: Sie k\u00f6nnen den Erhalt von Marketingmitteilungen von uns abbestellen, indem Sie den entsprechenden Link in jedem unserer Newsletter verwenden.<\/li>\n<\/ul>\n\t\t\t\t\t\t\t\t<\/div>\n\t\t\t\t<\/div>\n\t\t\t\t\t<\/div>\n\t\t<\/div>\n\t\t\t\t<div class=\"elementor-column elementor-col-50 elementor-top-column elementor-element elementor-element-1696475\" data-id=\"1696475\" data-element_type=\"column\" data-e-type=\"column\">\n\t\t\t<div class=\"elementor-widget-wrap\">\n\t\t\t\t\t\t\t<\/div>\n\t\t<\/div>\n\t\t\t\t\t<\/div>\n\t\t<\/section>\n\t\t\t\t<\/div>\n\t\t","protected":false},"excerpt":{"rendered":"<p>Datenschutzbestimmungen Auf unserer Seite zum Datenschutz wird erl\u00e4utert, wie wir Informationen \u00fcber Sie sammeln, verwenden und weitergeben, wenn Sie unsere Website www.vivando.ch besuchen und unsere Online-Dienste nutzen. Durch den Besuch unserer Website und die Nutzung unserer Online-Dienste erkl\u00e4ren Sie sich mit der Erfassung, Verwendung und Weitergabe Ihrer Daten gem\u00e4\u00df dieser Datenschutzrichtlinie einverstanden. Wenn Sie mit [&hellip;]<\/p>\n","protected":false},"author":1,"featured_media":0,"parent":0,"menu_order":0,"comment_status":"closed","ping_status":"open","template":"","meta":{"footnotes":""},"class_list":["post-5941","page","type-page","status-publish","hentry"],"_links":{"self":[{"href":"https:\/\/vivando.ch\/de\/wp-json\/wp\/v2\/pages\/5941","targetHints":{"allow":["GET"]}}],"collection":[{"href":"https:\/\/vivando.ch\/de\/wp-json\/wp\/v2\/pages"}],"about":[{"href":"https:\/\/vivando.ch\/de\/wp-json\/wp\/v2\/types\/page"}],"author":[{"embeddable":true,"href":"https:\/\/vivando.ch\/de\/wp-json\/wp\/v2\/users\/1"}],"replies":[{"embeddable":true,"href":"https:\/\/vivando.ch\/de\/wp-json\/wp\/v2\/comments?post=5941"}],"version-history":[{"count":1,"href":"https:\/\/vivando.ch\/de\/wp-json\/wp\/v2\/pages\/5941\/revisions"}],"predecessor-version":[{"id":5942,"href":"https:\/\/vivando.ch\/de\/wp-json\/wp\/v2\/pages\/5941\/revisions\/5942"}],"wp:attachment":[{"href":"https:\/\/vivando.ch\/de\/wp-json\/wp\/v2\/media?parent=5941"}],"curies":[{"name":"wp","href":"https:\/\/api.w.org\/{rel}","templated":true}]}}